{"id":9,"date":"2022-06-29T21:06:45","date_gmt":"2022-06-29T21:06:45","guid":{"rendered":"https:\/\/spoiwo.org.pl\/?page_id=9"},"modified":"2022-07-01T09:57:47","modified_gmt":"2022-07-01T09:57:47","slug":"informacje","status":"publish","type":"page","link":"https:\/\/spoiwo.org.pl\/index.php\/informacje\/","title":{"rendered":"O FUNDACJI"},"content":{"rendered":"\n<div class=\"wp-block-group is-vertical is-layout-flex wp-container-core-group-is-layout-8cf370e7 wp-block-group-is-layout-flex\">\n<div class=\"wp-block-columns alignwide is-layout-flex wp-container-core-columns-is-layout-9d6595d7 wp-block-columns-is-layout-flex\">\n<div class=\"wp-block-column is-layout-flow wp-block-column-is-layout-flow\" style=\"flex-basis:100%\">\n<p class=\"has-black-color has-white-background-color has-text-color has-background\" style=\"font-size:17px\">FUNDACJA SPOIWO dzia\u0142a od 2017. Skupia ludzi zainteresowanych powstawaniem, finansowaniem i promowaniem tradycyjnych szlachetnych technik \u015bciennych takich jak fresk mokry, fresk suchy, mozaika czy sgraffito. Prezesem i fundatorem Fundacji jest historyczka sztuki Ewa Bogus\u0142awska, Wice prezesem fotografka Maria Jakubowska. Z fundacj\u0105 blisko zwi\u0105zany jest Marcin Bogus\u0142awski czynnie wykonuj\u0105cy wsp\u00f3\u0142czesne malarstwo \u015bcienne.<\/p>\n<\/div>\n<\/div>\n\n\n\n<p class=\"has-text-align-center has-black-color has-white-background-color has-text-color has-background has-medium-font-size\"><\/p>\n\n\n\n<div class=\"wp-block-columns is-layout-flex wp-container-core-columns-is-layout-9d6595d7 wp-block-columns-is-layout-flex\">\n<div class=\"wp-block-column is-layout-flow wp-block-column-is-layout-flow\" style=\"flex-basis:100%\">\n<p class=\"has-black-color has-white-background-color has-text-color has-background has-medium-font-size\">DANE FUNDACJI:<\/p>\n<\/div>\n<\/div>\n\n\n\n<div class=\"wp-block-columns is-layout-flex wp-container-core-columns-is-layout-9d6595d7 wp-block-columns-is-layout-flex\">\n<div class=\"wp-block-column is-layout-flow wp-block-column-is-layout-flow\" style=\"flex-basis:100%\">\n<p class=\"has-black-color has-white-background-color has-text-color has-background\" style=\"font-size:17px\">KRS 0000657460<\/p>\n<\/div>\n<\/div>\n\n\n\n<div class=\"wp-block-columns is-layout-flex wp-container-core-columns-is-layout-9d6595d7 wp-block-columns-is-layout-flex\">\n<div class=\"wp-block-column is-layout-flow wp-block-column-is-layout-flow\" style=\"flex-basis:100%\">\n<p class=\"has-black-color has-white-background-color has-text-color has-background\" style=\"font-size:17px\">REGON 366292890<\/p>\n<\/div>\n<\/div>\n\n\n\n<p class=\"has-black-color has-white-background-color has-text-color has-background has-medium-font-size\">NIP 5213762914<\/p>\n\n\n\n<p class=\"has-black-color has-white-background-color has-text-color has-background has-medium-font-size\"><\/p>\n\n\n\n<p class=\"has-black-color has-white-background-color has-text-color has-background has-medium-font-size\">WESPRZYJ NAS:<\/p>\n\n\n\n<div class=\"wp-block-columns is-layout-flex wp-container-core-columns-is-layout-9d6595d7 wp-block-columns-is-layout-flex\">\n<div class=\"wp-block-column is-layout-flow wp-block-column-is-layout-flow\" style=\"flex-basis:100%\">\n<p class=\"has-black-color has-white-background-color has-text-color has-background has-medium-font-size\">Numer konta bankowego:<\/p>\n<\/div>\n<\/div>\n\n\n\n<div class=\"wp-block-columns is-layout-flex wp-container-core-columns-is-layout-9d6595d7 wp-block-columns-is-layout-flex\">\n<div class=\"wp-block-column is-layout-flow wp-block-column-is-layout-flow\" style=\"flex-basis:100%\">\n<p class=\"has-black-color has-white-background-color has-text-color has-background has-medium-font-size\">Santander Bank S.A. 83 1910 1048 2211 0007 9199 0001<\/p>\n<\/div>\n<\/div>\n<\/div>\n","protected":false},"excerpt":{"rendered":"<p>FUNDACJA SPOIWO dzia\u0142a od 2017. Skupia ludzi zainteresowanych powstawaniem, finansowaniem i promowaniem tradycyjnych szlachetnych technik \u015bciennych takich jak fresk mokry, fresk suchy, mozaika czy sgraffito. Prezesem i fundatorem Fundacji jest historyczka sztuki Ewa Bogus\u0142awska, Wice prezesem fotografka Maria Jakubowska. Z fundacj\u0105 blisko zwi\u0105zany jest Marcin Bogus\u0142awski czynnie wykonuj\u0105cy wsp\u00f3\u0142czesne malarstwo \u015bcienne. DANE FUNDACJI: KRS 0000657460 [&hellip;]<\/p>\n","protected":false},"author":1,"featured_media":0,"parent":0,"menu_order":0,"comment_status":"closed","ping_status":"closed","template":"","meta":{"footnotes":""},"class_list":["post-9","page","type-page","status-publish","hentry"],"_links":{"self":[{"href":"https:\/\/spoiwo.org.pl\/index.php\/wp-json\/wp\/v2\/pages\/9","targetHints":{"allow":["GET"]}}],"collection":[{"href":"https:\/\/spoiwo.org.pl\/index.php\/wp-json\/wp\/v2\/pages"}],"about":[{"href":"https:\/\/spoiwo.org.pl\/index.php\/wp-json\/wp\/v2\/types\/page"}],"author":[{"embeddable":true,"href":"https:\/\/spoiwo.org.pl\/index.php\/wp-json\/wp\/v2\/users\/1"}],"replies":[{"embeddable":true,"href":"https:\/\/spoiwo.org.pl\/index.php\/wp-json\/wp\/v2\/comments?post=9"}],"version-history":[{"count":12,"href":"https:\/\/spoiwo.org.pl\/index.php\/wp-json\/wp\/v2\/pages\/9\/revisions"}],"predecessor-version":[{"id":288,"href":"https:\/\/spoiwo.org.pl\/index.php\/wp-json\/wp\/v2\/pages\/9\/revisions\/288"}],"wp:attachment":[{"href":"https:\/\/spoiwo.org.pl\/index.php\/wp-json\/wp\/v2\/media?parent=9"}],"curies":[{"name":"wp","href":"https:\/\/api.w.org\/{rel}","templated":true}]}}